{"id":16302,"date":"2024-02-21T18:49:56","date_gmt":"2024-02-21T18:49:56","guid":{"rendered":"https:\/\/mytechworld.tech\/?post_type=product&#038;p=16302"},"modified":"2026-03-26T20:38:51","modified_gmt":"2026-03-26T20:38:51","slug":"security-package-9","status":"publish","type":"product","link":"https:\/\/mytechworld.tech\/index.php\/product\/security-package-9\/","title":{"rendered":"Security package 9"},"content":{"rendered":"<p>Recherche de virus et de logiciels malveillants et mise en quarantaine \u00c9limination de tous les virus et logiciels malveillants \u00c9limination de tous les<br \/>\nlogiciels publicitaires et mise \u00e0 jour des navigateurs.<br \/>\nNettoyage du registre et v\u00e9rification des incoh\u00e9rences et des cl\u00e9s inutiles. Nettoyage des fichiers temporaires<br \/>\n\u00c9limination de tous les logiciels espions et de suivi Am\u00e9lioration<br \/>\ndes performances des syst\u00e8mes d\u2019exploitation MAC ou Windows Optimisation de la vitesse du disque dur (si n\u00e9cessaire)<br \/>\nOptimisation de l\u2019espace disponible sur le disque dur (si n\u00e9cessaire)<br \/>\nMises \u00e0 jour des pilotes pour tout le mat\u00e9riel qui leur est associ\u00e9 (si n\u00e9cessaire) Logiciel de mises \u00e0 jour de s\u00e9curit\u00e9<br \/>\nWindows \u00e0 installer (code \u00e0 appliquer) : bloqueur de publicit\u00e9s Premium, extensions de navigateur anti\u00admalware\u201d Installation d\u2019Antivirus et d\u2019AntiMalware \u2022 Conseil et support, t\u00e9l\u00e9chargements de logiciels et s\u00e9curit\u00e9 informatique 7j\/7.<\/p>\n<p>Am\u00e9lioration des performances du syst\u00e8me d\u2019exploitation. Assistance Msecure36 &#8217;25 mois d&#8217;assistance<\/p>\n","protected":false},"excerpt":{"rendered":"<p>Recherche de virus et de logiciels malveillants et mise en quarantaine \u00c9limination de tous les virus et logiciels malveillants \u00c9limination<\/p>\n","protected":false},"featured_media":16278,"comment_status":"open","ping_status":"closed","template":"","meta":[],"product_cat":[512],"product_tag":[],"_links":{"self":[{"href":"https:\/\/mytechworld.tech\/index.php\/wp-json\/wp\/v2\/product\/16302"}],"collection":[{"href":"https:\/\/mytechworld.tech\/index.php\/wp-json\/wp\/v2\/product"}],"about":[{"href":"https:\/\/mytechworld.tech\/index.php\/wp-json\/wp\/v2\/types\/product"}],"replies":[{"embeddable":true,"href":"https:\/\/mytechworld.tech\/index.php\/wp-json\/wp\/v2\/comments?post=16302"}],"version-history":[{"count":3,"href":"https:\/\/mytechworld.tech\/index.php\/wp-json\/wp\/v2\/product\/16302\/revisions"}],"predecessor-version":[{"id":17595,"href":"https:\/\/mytechworld.tech\/index.php\/wp-json\/wp\/v2\/product\/16302\/revisions\/17595"}],"wp:featuredmedia":[{"embeddable":true,"href":"https:\/\/mytechworld.tech\/index.php\/wp-json\/wp\/v2\/media\/16278"}],"wp:attachment":[{"href":"https:\/\/mytechworld.tech\/index.php\/wp-json\/wp\/v2\/media?parent=16302"}],"wp:term":[{"taxonomy":"product_cat","embeddable":true,"href":"https:\/\/mytechworld.tech\/index.php\/wp-json\/wp\/v2\/product_cat?post=16302"},{"taxonomy":"product_tag","embeddable":true,"href":"https:\/\/mytechworld.tech\/index.php\/wp-json\/wp\/v2\/product_tag?post=16302"}],"curies":[{"name":"wp","href":"https:\/\/api.w.org\/{rel}","templated":true}]}}